{"id":9076,"date":"2024-06-28T21:55:40","date_gmt":"2024-06-28T21:55:40","guid":{"rendered":"https:\/\/p-yl42w1.project.space\/positive-leadership-masterclass\/"},"modified":"2026-05-08T09:06:11","modified_gmt":"2026-05-08T09:06:11","slug":"positive-leadership-masterclass","status":"publish","type":"page","link":"https:\/\/www.positivity-guides.de\/en\/positive-leadership-masterclass\/","title":{"rendered":"Positive Leadership Masterclass"},"content":{"rendered":"\n<div class=\"et_pb_section_0 et_pb_section et_section_regular et_block_section\"><div class=\"et_pb_row_0 et_pb_row et_block_row\"><div class=\"et_pb_column_0 et_pb_column et_pb_column_3_5 et_block_column et_pb_css_mix_blend_mode_passthrough\"><div class=\"et_pb_code_0 et_pb_code et_pb_module\"><div class=\"et_pb_code_inner\"><nav aria-label=\"breadcrumbs\" class=\"rank-math-breadcrumb\"><p><span class=\"last\">Startseite<\/span><\/p><\/nav><\/div><\/div><div class=\"et_pb_text_0 et_pb_text et_pb_bg_layout_light et_pb_module et_block_module preset--module--divi-text--default\"><div class=\"et_pb_text_inner\"><h2><strong>Positive Leadership Compact for Experienced Executives<\/strong><\/h2>\n<p>In this powerful masterclass, you will learn how to apply the practical success factors of Positive Psychology to your leadership role. In this intensive seminar, you will reflect on your previous leadership behavior and explore additional, new paths for an innovative leadership culture. Benefit from intensive practice sessions, moving experiences, and an exchange of ideas at the highest level.  <\/p>\n<p>&nbsp;<\/p>\n<\/div><\/div><div class=\"et_pb_text_1 et_pb_text et_pb_bg_layout_light et_pb_module et_block_module preset--module--divi-text--default\"><div class=\"et_pb_text_inner\"><h3><strong>As an executive, benefit from the Positive Leadership Masterclass (or the Intensive Leadership Seminar):<\/strong><\/h3>\n<ul>\n<li>Become a successful, effective leader with five methods<\/li>\n<li>Experience more ease and joy with your team<\/li>\n<li>Practice techniques in a safe environment and grow beyond your limits<\/li>\n<li>Concrete techniques that can be implemented step-by-step in everyday life<\/li>\n<\/ul>\n<\/div><\/div><\/div><div class=\"et_pb_column_1 et_pb_column et_pb_column_2_5 et-last-child et_block_column et_pb_css_mix_blend_mode_passthrough\"><div class=\"et_pb_image_0 et_pb_image et_pb_module et_block_module\"><a href=\"https:\/\/www.positivity-guides.de\/wp-content\/uploads\/2024\/06\/FBL_Masterclass_Einzelseiten.pdf\" target=\"_blank\"><span class=\"et_pb_image_wrap\"><img loading=\"lazy\" decoding=\"async\" src=\"https:\/\/www.positivity-guides.de\/wp-content\/uploads\/2024\/07\/Masterclass-2024-07-01.png\" width=\"1359\" height=\"957\" srcset=\"https:\/\/www.positivity-guides.de\/wp-content\/uploads\/2024\/07\/Masterclass-2024-07-01.png 1359w, https:\/\/www.positivity-guides.de\/wp-content\/uploads\/2024\/07\/Masterclass-2024-07-01-1280x901.png 1280w, https:\/\/www.positivity-guides.de\/wp-content\/uploads\/2024\/07\/Masterclass-2024-07-01-980x690.png 980w, https:\/\/www.positivity-guides.de\/wp-content\/uploads\/2024\/07\/Masterclass-2024-07-01-480x338.png 480w\" sizes=\"(min-width: 0px) and (max-width: 480px) 480px, (min-width: 481px) and (max-width: 980px) 980px, (min-width: 981px) and (max-width: 1280px) 1280px, (min-width: 1281px) 1359px, 100vw\" class=\"wp-image-5882\" title=\"Masterclass 2024-07-01\" \/><\/span><\/a><\/div><div class=\"et_pb_module et_pb_button_module_wrapper et_pb_button_0_wrapper\"><a class=\"et_pb_button_0 et_pb_button et_pb_bg_layout_light et_animated et_pb_module et_flex_module\" href=\"https:\/\/www.positivity-guides.de\/trainings-ausbildungen-vortraege-positive-leadership-psychologie-fuehrung\/\" target=\"_blank\">Termine f\u00fcr offene Angebote<\/a><\/div><\/div><\/div><div class=\"et_pb_row_1 et_pb_row et_block_row\"><div class=\"et_pb_column_2 et_pb_column et_pb_column_3_5 et_block_column et_pb_css_mix_blend_mode_passthrough\"><div class=\"et_pb_video_0 et_pb_video et_pb_module et_block_module\"><div class=\"et_pb_video_box\"><iframe loading=\"lazy\" title=\"Positive Leadership &amp; F\u00fchrung: Der F\u00fchrungskompetenz als F\u00fchrungskraft eine neue Tiefe geben\" width=\"1080\" height=\"608\" src=\"https:\/\/www.youtube.com\/embed\/SsJVzKfBgzE?feature=oembed\"  allow=\"accelerometer; autoplay; clipboard-write; encrypted-media; gyroscope; picture-in-picture; web-share\" referrerpolicy=\"strict-origin-when-cross-origin\" allowfullscreen><\/iframe><\/div><div class=\"et_pb_video_overlay\" style=\"background-image:url(https:\/\/www.positivity-guides.de\/wp-content\/uploads\/2021\/10\/Thumbnail-Zukunftsfaehig-fuehren1.png)\"><div class=\"et_pb_video_overlay_hover\"><a class=\"et_pb_video_play\" href=\"#\"><\/a><\/div><\/div><\/div><\/div><div class=\"et_pb_column_3 et_pb_column et_pb_column_2_5 et-last-child et_block_column et_pb_css_mix_blend_mode_passthrough\"><div class=\"et_pb_text_2 et_pb_text et_pb_bg_layout_light et_pb_module et_block_module preset--module--divi-text--default\"><div class=\"et_pb_text_inner\"><p>Invest 98 seconds to learn more about the Positive Leadership Masterclass in this video.<\/p>\n<p>&nbsp;<\/p>\n<p>&nbsp;<\/p>\n<\/div><\/div><div class=\"et_pb_module et_pb_button_module_wrapper et_pb_button_1_wrapper\"><a class=\"et_pb_button_1 et_pb_button et_pb_bg_layout_light et_animated et_pb_module et_block_module\" href=\"https:\/\/www.youtube.com\/channel\/UCgWHC04w6hMuYxtlmgV2UaQ\" target=\"_blank\" rel=\"noopener\">More videos from us<\/a><\/div><\/div><\/div><div class=\"et_pb_row_2 et_pb_row et_block_row\"><div class=\"et_pb_column_4 et_pb_column et_pb_column_3_5 et_block_column et_pb_css_mix_blend_mode_passthrough\"><div class=\"et_pb_text_3 et_pb_text et_pb_bg_layout_light et_pb_module et_block_module preset--module--divi-text--default\"><div class=\"et_pb_text_inner\"><h3><strong>Our Positive Leadership Masterclass consists of 3 modules:<\/strong><\/h3>\n<h4><strong>1. Personal analysis of your Positive Leadership level (PERMA-Lead Profiler)<\/strong><\/h4>\n<p>Based on a scientifically sound self-assessment, you will find out how intensively you are already living Positive Leadership.<\/p>\n<h4><strong>2. Personal evaluation talk regarding the PERMA-Lead Profiler<br \/><\/strong><\/h4>\n<p>We evaluate the results of your analysis in a confidential setting. You will find out where you stand and what your next development steps are. <\/p>\n<h4><strong>3. The 2-day live training \u201cPositive Leadership Masterclass\u201d<\/strong><\/h4>\n<p>In a small group of like-minded executives, you will learn Positive Leadership in a practical, experience-oriented way, full of concrete tools that will take your leadership skills to a new level. <\/p>\n<h3> <\/h3>\n<h3><strong>The Masterclass \u2013 <\/strong><strong>with live training \u2013 is much more than a seminar<\/strong><\/h3>\n<p>If we have sparked your interest as an (aspiring) executive for our masterclass with integrated PERMA-Lead Profiler analysis and integrated Positive Leadership live training, then find out more about this forward-looking offer. <\/p>\n<\/div><\/div><\/div><div class=\"et_pb_column_5 et_pb_column et_pb_column_2_5 et-last-child et_block_column et_pb_css_mix_blend_mode_passthrough\"><div class=\"et_pb_image_1 et_pb_image et_pb_module et_block_module\"><a href=\"https:\/\/www.positivity-guides.de\/wp-content\/uploads\/2024\/06\/FBL_Masterclass_Einzelseiten.pdf\" target=\"_blank\"><span class=\"et_pb_image_wrap\"><img loading=\"lazy\" decoding=\"async\" src=\"https:\/\/www.positivity-guides.de\/wp-content\/uploads\/2024\/07\/Grafik-Dreieck-Masterclass_mitSchatten.png\" width=\"1500\" height=\"1322\" srcset=\"https:\/\/www.positivity-guides.de\/wp-content\/uploads\/2024\/07\/Grafik-Dreieck-Masterclass_mitSchatten.png 1500w, https:\/\/www.positivity-guides.de\/wp-content\/uploads\/2024\/07\/Grafik-Dreieck-Masterclass_mitSchatten-1280x1128.png 1280w, https:\/\/www.positivity-guides.de\/wp-content\/uploads\/2024\/07\/Grafik-Dreieck-Masterclass_mitSchatten-980x864.png 980w, https:\/\/www.positivity-guides.de\/wp-content\/uploads\/2024\/07\/Grafik-Dreieck-Masterclass_mitSchatten-480x423.png 480w\" sizes=\"(min-width: 0px) and (max-width: 480px) 480px, (min-width: 481px) and (max-width: 980px) 980px, (min-width: 981px) and (max-width: 1280px) 1280px, (min-width: 1281px) 1500px, 100vw\" class=\"wp-image-5861\" title=\"Graphic-Triangle-Masterclass_withShadow\" alt=\"Masterclass with PERMA-Lead self-analysis and coaching\" \/><\/span><\/a><\/div><\/div><\/div><div class=\"et_pb_row_3 et_pb_row et_block_row\"><div class=\"et_pb_column_6 et_pb_column et_pb_column_4_4 et-last-child et_block_column et_pb_css_mix_blend_mode_passthrough\"><div class=\"et_pb_text_4 et_pb_text et_pb_bg_layout_light et_pb_module et_block_module preset--module--divi-text--default\"><div class=\"et_pb_text_inner\"><p style=\"text-align: center;\"><a title=\"\" href=\"https:\/\/www.positivity-guides.de\/wp-content\/uploads\/2024\/06\/Positivity-Guides-Positive-Leadership-Intensiv-Training.pdf\" target=\"_blank\" rel=\"noopener\">Our flyer for the Positive Leadership Masterclass is available for download here.<\/a><\/p>\n<p style=\"text-align: center;\">Decide on your next development step now and secure your place in this intensive seminar &amp; training: <a title=\"\" href=\"https:\/\/www.positivity-guides.de\/kontakt\/\" target=\"_blank\" rel=\"noopener\">GET IN TOUCH<\/a><\/p>\n<p style=\"text-align: center;\"><a title=\"\" href=\"https:\/\/www.positivity-guides.de\/termine\/\" target=\"_blank\" rel=\"noopener\">You can find the current dates for the Positivity Guides Masterclass here<\/a><\/p>\n<\/div><\/div><div class=\"et_pb_cta_0 et_pb_promo et_pb_bg_layout_dark et_pb_module et_block_module\"><div class=\"et_pb_promo_description\"><h2 class=\"et_pb_module_header\">Let us find the right format for your situation<\/h2><div class=\"et_pb_promo_content\"><p data-start=\"3259\" data-end=\"3516\">Whether you are looking for an initial impulse, implementation within the organisation, personal deepening, sound diagnostics or sustainable embedding, together we clarify which format best fits your goals, your current situation and your organisational culture.<\/p>\n<p data-start=\"3259\" data-end=\"3516\">Speak with us about your needs, your questions and your next steps. In this way, the many available options become an offer that is genuinely effective and suitable for you.<\/p>\n<p class=\"p1\" style=\"text-align: center;\">Email: <a title=\"\" href=\"Mailto:kontakt@positivity-guides.de\" target=\"_blank\" rel=\"noopener\">kontakt@positivity-guides.de<\/a><br \/>Telephone: +49 (0) 30 893 77 950<\/p>\n<\/div><\/div><div class=\"et_pb_button_wrapper\"><a class=\"et_pb_button et_pb_promo_button\" href=\"https:\/\/www.positivity-guides.de\/anfragen-und-buchen\/\">Ask questions or reserve a place<\/a><\/div><\/div><\/div><\/div><\/div>\n","protected":false},"excerpt":{"rendered":"","protected":false},"author":3,"featured_media":0,"parent":0,"menu_order":0,"comment_status":"closed","ping_status":"closed","template":"","meta":{"footnotes":""},"folder":[929],"class_list":["post-9076","page","type-page","status-publish","hentry"],"_links":{"self":[{"href":"https:\/\/www.positivity-guides.de\/en\/wp-json\/wp\/v2\/pages\/9076","targetHints":{"allow":["GET"]}}],"collection":[{"href":"https:\/\/www.positivity-guides.de\/en\/wp-json\/wp\/v2\/pages"}],"about":[{"href":"https:\/\/www.positivity-guides.de\/en\/wp-json\/wp\/v2\/types\/page"}],"author":[{"embeddable":true,"href":"https:\/\/www.positivity-guides.de\/en\/wp-json\/wp\/v2\/users\/3"}],"replies":[{"embeddable":true,"href":"https:\/\/www.positivity-guides.de\/en\/wp-json\/wp\/v2\/comments?post=9076"}],"version-history":[{"count":1,"href":"https:\/\/www.positivity-guides.de\/en\/wp-json\/wp\/v2\/pages\/9076\/revisions"}],"predecessor-version":[{"id":9077,"href":"https:\/\/www.positivity-guides.de\/en\/wp-json\/wp\/v2\/pages\/9076\/revisions\/9077"}],"wp:attachment":[{"href":"https:\/\/www.positivity-guides.de\/en\/wp-json\/wp\/v2\/media?parent=9076"}],"wp:term":[{"taxonomy":"folder","embeddable":true,"href":"https:\/\/www.positivity-guides.de\/en\/wp-json\/wp\/v2\/folder?post=9076"}],"curies":[{"name":"wp","href":"https:\/\/api.w.org\/{rel}","templated":true}]}}